{"id":59,"date":"2023-04-20T21:24:49","date_gmt":"2023-04-20T19:24:49","guid":{"rendered":"https:\/\/energybiomassholding.ch\/?page_id=59"},"modified":"2023-04-20T22:44:49","modified_gmt":"2023-04-20T20:44:49","slug":"notre-expertise","status":"publish","type":"page","link":"https:\/\/energybiomassholding.ch\/index.php\/notre-expertise\/","title":{"rendered":"Notre expertise"},"content":{"rendered":"\n<div class=\"blockart-section blockart-section-2e6d119a\"><div class=\"blockart-container\"><div class=\"blockart-section-inner\">\n<div class=\"blockart-column blockart-column-5cf2afc6\"><div class=\"blockart-column-inner\">\n<h2 class=\"blockart-heading blockart-heading-6fb56507\">Biomasse : notre expertise sur un march\u00e9 mondial \u00e0 fort potentiel<\/h2>\n\n\n\n<div class=\"blockart-section blockart-section-41980141\"><div class=\"blockart-container\"><div class=\"blockart-section-inner\">\n<div class=\"blockart-column blockart-column-c1c64913\"><div class=\"blockart-column-inner\">\n<h2 class=\"blockart-heading blockart-heading-d787e463\">Ressources :\u00a0<\/h2>\n\n\n\n<p class=\"blockart-paragraph blockart-paragraph-29cf8604\">Le bois et les sous produits agricoles peuvent \u00eatre utilis\u00e9s comme sources d&rsquo;\u00e9nergie renouvelable car disponibles en grande quantit\u00e9 sur l\u2019ensemble de la plan\u00e8te.<\/p>\n<\/div><\/div>\n\n\n\n<div class=\"blockart-column blockart-column-05e6b87b\"><div class=\"blockart-column-inner\">\n<h2 class=\"blockart-heading blockart-heading-2d3351d2\">Technologie :<\/h2>\n\n\n\n<p class=\"blockart-paragraph blockart-paragraph-960004dd\">Mise en \u0153uvre de technologies modernes et performantes de valorisation de la biomasse\u00a0<\/p>\n<\/div><\/div>\n<\/div><\/div><\/div>\n\n\n\n<div class=\"blockart-spacing blockart-spacing-9f6a95fd\"><div class=\"blockart-spacing-inner\"><\/div><\/div>\n\n\n\n<div class=\"blockart-section blockart-section-1e22afeb\"><div class=\"blockart-container\"><div class=\"blockart-section-inner\">\n<div class=\"blockart-column blockart-column-ce49b3a8\"><div class=\"blockart-column-inner\">\n<div class=\"wp-block-group is-layout-constrained wp-block-group-is-layout-constrained\">\n<h2 class=\"blockart-heading blockart-heading-35c1020a\">Avantages :<\/h2>\n\n\n\n<div class=\"wp-block-columns is-layout-flex wp-container-core-columns-is-layout-28f84493 wp-block-columns-is-layout-flex\">\n<div class=\"wp-block-column is-layout-flow wp-block-column-is-layout-flow\">\n<p>Contrairement aux installations solaires et \u00e9oliennes, les centrales \u00e0 biomasse peuvent \u00eatre utilis\u00e9es en continu pour r\u00e9pondre aux besoins en \u00e9lectricit\u00e9, en chaleur et de production n froid, \u00e0 tout moment de l&rsquo;ann\u00e9e<\/p>\n<\/div>\n\n\n\n<div class=\"wp-block-column is-layout-flow wp-block-column-is-layout-flow\">\n<p>La biomasse peut \u00eatre utilis\u00e9e pour r\u00e9pondre \u00e0 la demande en \u00e9nergie du secteur industriel (chaleur, vapeur&#8230;).<\/p>\n\n\n\n<p>Les \u00e9missions de CO<sub>2<\/sub>\u00a0 de la biomasse sont neutres.<\/p>\n<\/div>\n<\/div>\n<\/div>\n<\/div><\/div>\n<\/div><\/div><\/div>\n<\/div><\/div>\n<\/div><\/div><\/div>\n\n\n\n<hr class=\"wp-block-separator has-alpha-channel-opacity is-style-wide\"\/>\n\n\n\n<figure class=\"wp-block-image size-full\"><img loading=\"lazy\" decoding=\"async\" width=\"1012\" height=\"802\" src=\"https:\/\/energybiomassholding.ch\/wp-content\/uploads\/2023\/04\/Ressource-mondiale-Biomasse.png\" alt=\"\" class=\"wp-image-20\" srcset=\"https:\/\/energybiomassholding.ch\/wp-content\/uploads\/2023\/04\/Ressource-mondiale-Biomasse.png 1012w, https:\/\/energybiomassholding.ch\/wp-content\/uploads\/2023\/04\/Ressource-mondiale-Biomasse-300x238.png 300w, https:\/\/energybiomassholding.ch\/wp-content\/uploads\/2023\/04\/Ressource-mondiale-Biomasse-768x609.png 768w\" sizes=\"auto, (max-width: 1012px) 100vw, 1012px\" \/><\/figure>\n\n\n\n<figure class=\"wp-block-image alignfull size-large\"><img loading=\"lazy\" decoding=\"async\" width=\"1024\" height=\"148\" src=\"https:\/\/energybiomassholding.ch\/wp-content\/uploads\/2023\/04\/Capture-decran-2023-04-16-a-16.58.18-1024x148.png\" alt=\"\" class=\"wp-image-21\" srcset=\"https:\/\/energybiomassholding.ch\/wp-content\/uploads\/2023\/04\/Capture-decran-2023-04-16-a-16.58.18-1024x148.png 1024w, https:\/\/energybiomassholding.ch\/wp-content\/uploads\/2023\/04\/Capture-decran-2023-04-16-a-16.58.18-300x43.png 300w, https:\/\/energybiomassholding.ch\/wp-content\/uploads\/2023\/04\/Capture-decran-2023-04-16-a-16.58.18-768x111.png 768w, https:\/\/energybiomassholding.ch\/wp-content\/uploads\/2023\/04\/Capture-decran-2023-04-16-a-16.58.18-1536x221.png 1536w, https:\/\/energybiomassholding.ch\/wp-content\/uploads\/2023\/04\/Capture-decran-2023-04-16-a-16.58.18.png 1916w\" sizes=\"auto, (max-width: 1024px) 100vw, 1024px\" \/><\/figure>\n","protected":false},"excerpt":{"rendered":"","protected":false},"author":1,"featured_media":0,"parent":0,"menu_order":0,"comment_status":"closed","ping_status":"closed","template":"","meta":{"footnotes":""},"class_list":["post-59","page","type-page","status-publish","hentry"],"yoast_head":"<!-- This site is optimized with the Yoast SEO plugin v20.5 - https:\/\/yoast.com\/wordpress\/plugins\/seo\/ -->\n<title>Notre expertise - Energy Biomasse Holding<\/title>\n<meta name=\"robots\" content=\"index, follow, max-snippet:-1, max-image-preview:large, max-video-preview:-1\" \/>\n<link rel=\"canonical\" href=\"https:\/\/energybiomassholding.ch\/index.php\/notre-expertise\/\" \/>\n<meta property=\"og:locale\" content=\"fr_FR\" \/>\n<meta property=\"og:type\" content=\"article\" \/>\n<meta property=\"og:title\" content=\"Notre expertise - Energy Biomasse Holding\" \/>\n<meta property=\"og:url\" content=\"https:\/\/energybiomassholding.ch\/index.php\/notre-expertise\/\" \/>\n<meta property=\"og:site_name\" content=\"Energy Biomasse Holding\" \/>\n<meta property=\"article:modified_time\" content=\"2023-04-20T20:44:49+00:00\" \/>\n<meta property=\"og:image\" content=\"https:\/\/energybiomassholding.ch\/wp-content\/uploads\/2023\/04\/Ressource-mondiale-Biomasse.png\" \/>\n<meta name=\"twitter:card\" content=\"summary_large_image\" \/>\n<meta name=\"twitter:label1\" content=\"Dur\u00e9e de lecture estim\u00e9e\" \/>\n\t<meta name=\"twitter:data1\" content=\"1 minute\" \/>\n<script type=\"application\/ld+json\" class=\"yoast-schema-graph\">{\"@context\":\"https:\/\/schema.org\",\"@graph\":[{\"@type\":\"WebPage\",\"@id\":\"https:\/\/energybiomassholding.ch\/index.php\/notre-expertise\/\",\"url\":\"https:\/\/energybiomassholding.ch\/index.php\/notre-expertise\/\",\"name\":\"Notre expertise - Energy Biomasse Holding\",\"isPartOf\":{\"@id\":\"https:\/\/energybiomassholding.ch\/#website\"},\"datePublished\":\"2023-04-20T19:24:49+00:00\",\"dateModified\":\"2023-04-20T20:44:49+00:00\",\"breadcrumb\":{\"@id\":\"https:\/\/energybiomassholding.ch\/index.php\/notre-expertise\/#breadcrumb\"},\"inLanguage\":\"fr-FR\",\"potentialAction\":[{\"@type\":\"ReadAction\",\"target\":[\"https:\/\/energybiomassholding.ch\/index.php\/notre-expertise\/\"]}]},{\"@type\":\"BreadcrumbList\",\"@id\":\"https:\/\/energybiomassholding.ch\/index.php\/notre-expertise\/#breadcrumb\",\"itemListElement\":[{\"@type\":\"ListItem\",\"position\":1,\"name\":\"Accueil\",\"item\":\"https:\/\/energybiomassholding.ch\/\"},{\"@type\":\"ListItem\",\"position\":2,\"name\":\"Notre expertise\"}]},{\"@type\":\"WebSite\",\"@id\":\"https:\/\/energybiomassholding.ch\/#website\",\"url\":\"https:\/\/energybiomassholding.ch\/\",\"name\":\"Energy Biomass Holding\",\"description\":\"Experts pour la conception, la r\u00e9alisation et la construction de nouvelles capacit\u00e9s de production d\u2019\u00e9nergie \u00e0 partir de la biomasse\",\"publisher\":{\"@id\":\"https:\/\/energybiomassholding.ch\/#organization\"},\"potentialAction\":[{\"@type\":\"SearchAction\",\"target\":{\"@type\":\"EntryPoint\",\"urlTemplate\":\"https:\/\/energybiomassholding.ch\/?s={search_term_string}\"},\"query-input\":\"required name=search_term_string\"}],\"inLanguage\":\"fr-FR\"},{\"@type\":\"Organization\",\"@id\":\"https:\/\/energybiomassholding.ch\/#organization\",\"name\":\"Energy Biomass Holding\",\"url\":\"https:\/\/energybiomassholding.ch\/\",\"logo\":{\"@type\":\"ImageObject\",\"inLanguage\":\"fr-FR\",\"@id\":\"https:\/\/energybiomassholding.ch\/#\/schema\/logo\/image\/\",\"url\":\"https:\/\/energybiomassholding.ch\/wp-content\/uploads\/2023\/04\/Capture-decran-2023-04-15-a-13.24.16.png\",\"contentUrl\":\"https:\/\/energybiomassholding.ch\/wp-content\/uploads\/2023\/04\/Capture-decran-2023-04-15-a-13.24.16.png\",\"width\":135,\"height\":130,\"caption\":\"Energy Biomass Holding\"},\"image\":{\"@id\":\"https:\/\/energybiomassholding.ch\/#\/schema\/logo\/image\/\"}}]}<\/script>\n<!-- \/ Yoast SEO plugin. -->","yoast_head_json":{"title":"Notre expertise - Energy Biomasse Holding","robots":{"index":"index","follow":"follow","max-snippet":"max-snippet:-1","max-image-preview":"max-image-preview:large","max-video-preview":"max-video-preview:-1"},"canonical":"https:\/\/energybiomassholding.ch\/index.php\/notre-expertise\/","og_locale":"fr_FR","og_type":"article","og_title":"Notre expertise - Energy Biomasse Holding","og_url":"https:\/\/energybiomassholding.ch\/index.php\/notre-expertise\/","og_site_name":"Energy Biomasse Holding","article_modified_time":"2023-04-20T20:44:49+00:00","og_image":[{"url":"https:\/\/energybiomassholding.ch\/wp-content\/uploads\/2023\/04\/Ressource-mondiale-Biomasse.png"}],"twitter_card":"summary_large_image","twitter_misc":{"Dur\u00e9e de lecture estim\u00e9e":"1 minute"},"schema":{"@context":"https:\/\/schema.org","@graph":[{"@type":"WebPage","@id":"https:\/\/energybiomassholding.ch\/index.php\/notre-expertise\/","url":"https:\/\/energybiomassholding.ch\/index.php\/notre-expertise\/","name":"Notre expertise - Energy Biomasse Holding","isPartOf":{"@id":"https:\/\/energybiomassholding.ch\/#website"},"datePublished":"2023-04-20T19:24:49+00:00","dateModified":"2023-04-20T20:44:49+00:00","breadcrumb":{"@id":"https:\/\/energybiomassholding.ch\/index.php\/notre-expertise\/#breadcrumb"},"inLanguage":"fr-FR","potentialAction":[{"@type":"ReadAction","target":["https:\/\/energybiomassholding.ch\/index.php\/notre-expertise\/"]}]},{"@type":"BreadcrumbList","@id":"https:\/\/energybiomassholding.ch\/index.php\/notre-expertise\/#breadcrumb","itemListElement":[{"@type":"ListItem","position":1,"name":"Accueil","item":"https:\/\/energybiomassholding.ch\/"},{"@type":"ListItem","position":2,"name":"Notre expertise"}]},{"@type":"WebSite","@id":"https:\/\/energybiomassholding.ch\/#website","url":"https:\/\/energybiomassholding.ch\/","name":"Energy Biomass Holding","description":"Experts pour la conception, la r\u00e9alisation et la construction de nouvelles capacit\u00e9s de production d\u2019\u00e9nergie \u00e0 partir de la biomasse","publisher":{"@id":"https:\/\/energybiomassholding.ch\/#organization"},"potentialAction":[{"@type":"SearchAction","target":{"@type":"EntryPoint","urlTemplate":"https:\/\/energybiomassholding.ch\/?s={search_term_string}"},"query-input":"required name=search_term_string"}],"inLanguage":"fr-FR"},{"@type":"Organization","@id":"https:\/\/energybiomassholding.ch\/#organization","name":"Energy Biomass Holding","url":"https:\/\/energybiomassholding.ch\/","logo":{"@type":"ImageObject","inLanguage":"fr-FR","@id":"https:\/\/energybiomassholding.ch\/#\/schema\/logo\/image\/","url":"https:\/\/energybiomassholding.ch\/wp-content\/uploads\/2023\/04\/Capture-decran-2023-04-15-a-13.24.16.png","contentUrl":"https:\/\/energybiomassholding.ch\/wp-content\/uploads\/2023\/04\/Capture-decran-2023-04-15-a-13.24.16.png","width":135,"height":130,"caption":"Energy Biomass Holding"},"image":{"@id":"https:\/\/energybiomassholding.ch\/#\/schema\/logo\/image\/"}}]}},"_links":{"self":[{"href":"https:\/\/energybiomassholding.ch\/index.php\/wp-json\/wp\/v2\/pages\/59","targetHints":{"allow":["GET"]}}],"collection":[{"href":"https:\/\/energybiomassholding.ch\/index.php\/wp-json\/wp\/v2\/pages"}],"about":[{"href":"https:\/\/energybiomassholding.ch\/index.php\/wp-json\/wp\/v2\/types\/page"}],"author":[{"embeddable":true,"href":"https:\/\/energybiomassholding.ch\/index.php\/wp-json\/wp\/v2\/users\/1"}],"replies":[{"embeddable":true,"href":"https:\/\/energybiomassholding.ch\/index.php\/wp-json\/wp\/v2\/comments?post=59"}],"version-history":[{"count":3,"href":"https:\/\/energybiomassholding.ch\/index.php\/wp-json\/wp\/v2\/pages\/59\/revisions"}],"predecessor-version":[{"id":1171,"href":"https:\/\/energybiomassholding.ch\/index.php\/wp-json\/wp\/v2\/pages\/59\/revisions\/1171"}],"wp:attachment":[{"href":"https:\/\/energybiomassholding.ch\/index.php\/wp-json\/wp\/v2\/media?parent=59"}],"curies":[{"name":"wp","href":"https:\/\/api.w.org\/{rel}","templated":true}]}}