{"id":1079,"date":"2015-07-29T13:44:44","date_gmt":"2015-07-29T13:44:44","guid":{"rendered":"https:\/\/blockart-agency.sites.qsandbox.com\/?page_id=4"},"modified":"2023-04-20T22:25:59","modified_gmt":"2023-04-20T20:25:59","slug":"home","status":"publish","type":"page","link":"https:\/\/energybiomassholding.ch\/","title":{"rendered":"Accueil"},"content":{"rendered":"\n<div class=\"blockart-section blockart-section-3274e693\"><div class=\"blockart-container\"><div class=\"blockart-section-inner\">\n<div class=\"blockart-column blockart-column-5c451749\"><div class=\"blockart-column-inner\">\n<h1 class=\"blockart-heading blockart-heading-715dd37b\">Energy<br>Biomass<br>Holding.<\/h1>\n\n\n\n<p class=\"blockart-paragraph blockart-paragraph-1ad4af93\">Une \u00e9quipe d\u2019experts pour la conception, la r\u00e9alisation et la construction de nouvelles capacit\u00e9s de production d\u2019\u00e9nergie \u00e0 partir de la biomasse dans le monde<\/p>\n\n\n\n<div class=\"blockart-buttons blockart-buttons-cc6ab35a is-wrap\">\n<div class=\"blockart-button blockart-button-73e2d9d7 \"><a class=\"blockart-button-link is-custom is-style-filled\" href=\"https:\/\/energybiomassholding.ch\/index.php\/contact-2\/\" target=\"_blank\" rel=\"noopener\">Contact<\/a><\/div>\n<\/div>\n<\/div><\/div>\n\n\n\n<div class=\"blockart-column blockart-column-717e808b\"><div class=\"blockart-column-inner\">\n<div class=\"blockart-image blockart-image-6f3ae846\"><img loading=\"lazy\" decoding=\"async\" class=\"wp-image-1146\" src=\"https:\/\/energybiomassholding.ch\/wp-content\/uploads\/2023\/04\/cropped-Capture-decran-2023-04-15-a-13.24.16-2.png\" alt=\"\" height=\"130\" width=\"135\"\/><\/div>\n<\/div><\/div>\n<\/div><\/div><\/div>\n\n\n\n<div class=\"blockart-section blockart-section-6627d7e6\"><div class=\"blockart-container\"><div class=\"blockart-section-inner\">\n<div class=\"blockart-column blockart-column-0aa0e3f7\"><div class=\"blockart-column-inner\">\n<h2 class=\"blockart-heading blockart-heading-3dd3587e\">Notre savoir-faire<\/h2>\n<\/div><\/div>\n\n\n\n<div class=\"blockart-column blockart-column-cf23b2d5\"><div class=\"blockart-column-inner\">\n<p class=\"blockart-paragraph blockart-paragraph-e410f6b1\">Un savoir-faire unique en mati\u00e8re de projets de biomasse \u00e9nergie<\/p>\n\n\n\n<div class=\"blockart-spacing blockart-spacing-830dc973\"><div class=\"blockart-spacing-inner\"><\/div><\/div>\n\n\n\n<div class=\"wp-block-button has-custom-font-size is-style-fill has-medium-font-size\"><a class=\"wp-block-button__link has-background wp-element-button\" style=\"border-radius:60px;background-color:#862e25;padding-top:var(--wp--preset--spacing--30);padding-right:var(--wp--preset--spacing--30);padding-bottom:var(--wp--preset--spacing--30);padding-left:var(--wp--preset--spacing--30)\">D\u00e9couvrir notre savoir faire<\/a><\/div>\n<\/div><\/div>\n<\/div><\/div><\/div>\n\n\n\n<div class=\"blockart-section blockart-section-2790535f\"><div class=\"blockart-container\"><div class=\"blockart-section-inner\">\n<div class=\"blockart-column blockart-column-7e153553\"><div class=\"blockart-column-inner\">\n<div class=\"blockart-image blockart-image-3bfa6d91\"><img loading=\"lazy\" decoding=\"async\" class=\"wp-image-33\" src=\"https:\/\/energybiomassholding.ch\/wp-content\/uploads\/2023\/04\/Expert-EBH.png\" alt=\"\" height=\"862\" width=\"1290\" srcset=\"https:\/\/energybiomassholding.ch\/wp-content\/uploads\/2023\/04\/Expert-EBH.png 1290w, https:\/\/energybiomassholding.ch\/wp-content\/uploads\/2023\/04\/Expert-EBH-300x200.png 300w, https:\/\/energybiomassholding.ch\/wp-content\/uploads\/2023\/04\/Expert-EBH-1024x684.png 1024w, https:\/\/energybiomassholding.ch\/wp-content\/uploads\/2023\/04\/Expert-EBH-768x513.png 768w\" sizes=\"auto, (max-width: 1290px) 100vw, 1290px\" \/><\/div>\n<\/div><\/div>\n\n\n\n<div class=\"blockart-column blockart-column-153a6809\"><div class=\"blockart-column-inner\">\n<h2 class=\"blockart-heading blockart-heading-84a3d27b\">Organisation<br><\/h2>\n\n\n\n<p class=\"blockart-paragraph blockart-paragraph-0f1f6134\">Une organisation avec des bases solides adapt\u00e9es au d\u00e9veloppement de l\u2019\u00e9nergie biomasse<\/p>\n\n\n\n<div class=\"blockart-buttons blockart-buttons-c16a2aa1 is-wrap is-horizontal justify-left justify-left-sm\">\n<div class=\"blockart-button blockart-button-251a2fb1 \"><a class=\"blockart-button-link is-medium is-style-filled\">D\u00e9couvrir notre organisation<\/a><\/div>\n<\/div>\n<\/div><\/div>\n<\/div><\/div><\/div>\n\n\n\n<div class=\"blockart-section blockart-section-2636e827\"><div class=\"blockart-container\"><div class=\"blockart-section-inner\">\n<div class=\"blockart-column blockart-column-c8fa061e\"><div class=\"blockart-column-inner\">\n<div class=\"blockart-image blockart-image-22183819\"><img loading=\"lazy\" decoding=\"async\" class=\"wp-image-27\" src=\"https:\/\/energybiomassholding.ch\/wp-content\/uploads\/2023\/04\/EBH-Projet-biomasse.png\" alt=\"\" height=\"804\" width=\"1306\" srcset=\"https:\/\/energybiomassholding.ch\/wp-content\/uploads\/2023\/04\/EBH-Projet-biomasse.png 1306w, https:\/\/energybiomassholding.ch\/wp-content\/uploads\/2023\/04\/EBH-Projet-biomasse-300x185.png 300w, https:\/\/energybiomassholding.ch\/wp-content\/uploads\/2023\/04\/EBH-Projet-biomasse-1024x630.png 1024w, https:\/\/energybiomassholding.ch\/wp-content\/uploads\/2023\/04\/EBH-Projet-biomasse-768x473.png 768w\" sizes=\"auto, (max-width: 1306px) 100vw, 1306px\" \/><\/div>\n<\/div><\/div>\n\n\n\n<div class=\"blockart-column blockart-column-0d62a340\"><div class=\"blockart-column-inner\">\n<h2 class=\"blockart-heading blockart-heading-f75800de\">Notre expertise<\/h2>\n\n\n\n<p>Biomasse : Notre expertise sur un march\u00e9 mondial<\/p>\n\n\n\n<div class=\"blockart-buttons blockart-buttons-b7606286 is-wrap\">\n<div class=\"blockart-button blockart-button-eaa25a60 \"><a class=\"blockart-button-link is-large is-style-filled\">D\u00e9couvrir notre expertise<\/a><\/div>\n<\/div>\n\n\n\n<div class=\"blockart-spacing blockart-spacing-5f54e900\"><div class=\"blockart-spacing-inner\"><\/div><\/div>\n<\/div><\/div>\n<\/div><\/div><\/div>\n\n\n\n<div class=\"blockart-section blockart-section-5b24aee6\"><div class=\"blockart-container\"><div class=\"blockart-section-inner\">\n<div class=\"blockart-column blockart-column-8ebf07e9\"><div class=\"blockart-column-inner\"><\/div><\/div>\n\n\n\n<div class=\"blockart-column blockart-column-01125634\"><div class=\"blockart-column-inner\">\n<h2 class=\"blockart-heading blockart-heading-25386736\">Nos experts<\/h2>\n\n\n\n<p class=\"blockart-paragraph blockart-paragraph-6d68128a\">Une \u00e9quipe d&rsquo;experts multidisciplinaire<\/p>\n<\/div><\/div>\n\n\n\n<div class=\"blockart-column blockart-column-86501f87\"><div class=\"blockart-column-inner\"><\/div><\/div>\n<\/div><\/div><\/div>\n\n\n\n<figure class=\"wp-block-image aligncenter size-medium\"><img loading=\"lazy\" decoding=\"async\" width=\"300\" height=\"200\" src=\"https:\/\/energybiomassholding.ch\/wp-content\/uploads\/2023\/04\/Expert-EBH-300x200.png\" alt=\"\" class=\"wp-image-33\" srcset=\"https:\/\/energybiomassholding.ch\/wp-content\/uploads\/2023\/04\/Expert-EBH-300x200.png 300w, https:\/\/energybiomassholding.ch\/wp-content\/uploads\/2023\/04\/Expert-EBH-1024x684.png 1024w, https:\/\/energybiomassholding.ch\/wp-content\/uploads\/2023\/04\/Expert-EBH-768x513.png 768w, https:\/\/energybiomassholding.ch\/wp-content\/uploads\/2023\/04\/Expert-EBH.png 1290w\" sizes=\"auto, (max-width: 300px) 100vw, 300px\" \/><\/figure>\n\n\n\n<div class=\"blockart-section blockart-section-6cffd591\"><div class=\"blockart-container\"><div class=\"blockart-section-inner\">\n<div class=\"blockart-column blockart-column-263dd468\"><div class=\"blockart-column-inner\">\n<h2 class=\"blockart-heading blockart-heading-0a1747ef\">Un projet<\/h2>\n\n\n\n<p class=\"blockart-paragraph blockart-paragraph-98be4072\">Nous restons \u00e0 votre disposition pour \u00e9tudier votre projet et vous aider \u00e0 le r\u00e9aliser<\/p>\n<\/div><\/div>\n\n\n\n<div class=\"blockart-column blockart-column-edf7c39e\"><div class=\"blockart-column-inner\">\n<div class=\"blockart-buttons blockart-buttons-7ab651bc is-wrap\">\n<div class=\"blockart-button blockart-button-5c80f038 \"><a class=\"blockart-button-link is-custom is-style-filled\" href=\"https:\/\/zakrademos.com\/agency-03\/contact\/\">Contactez-nous<\/a><\/div>\n<\/div>\n<\/div><\/div>\n<\/div><\/div><\/div>\n","protected":false},"excerpt":{"rendered":"","protected":false},"author":1,"featured_media":0,"parent":0,"menu_order":0,"comment_status":"open","ping_status":"open","template":"page-templates\/pagebuilder.php","meta":{"footnotes":""},"class_list":["post-1079","page","type-page","status-publish","hentry"],"yoast_head":"<!-- This site is optimized with the Yoast SEO plugin v20.5 - https:\/\/yoast.com\/wordpress\/plugins\/seo\/ -->\n<title>Accueil - Energy Biomasse Holding<\/title>\n<meta name=\"robots\" content=\"index, follow, max-snippet:-1, max-image-preview:large, max-video-preview:-1\" \/>\n<link rel=\"canonical\" href=\"https:\/\/energybiomassholding.ch\/\" \/>\n<meta property=\"og:locale\" content=\"fr_FR\" \/>\n<meta property=\"og:type\" content=\"article\" \/>\n<meta property=\"og:title\" content=\"Accueil - Energy Biomasse Holding\" \/>\n<meta property=\"og:url\" content=\"https:\/\/energybiomassholding.ch\/\" \/>\n<meta property=\"og:site_name\" content=\"Energy Biomasse Holding\" \/>\n<meta property=\"article:modified_time\" content=\"2023-04-20T20:25:59+00:00\" \/>\n<meta property=\"og:image\" content=\"https:\/\/energybiomassholding.ch\/wp-content\/uploads\/2023\/04\/cropped-Capture-decran-2023-04-15-a-13.24.16-2.png\" \/>\n<meta name=\"twitter:card\" content=\"summary_large_image\" \/>\n<meta name=\"twitter:label1\" content=\"Dur\u00e9e de lecture estim\u00e9e\" \/>\n\t<meta name=\"twitter:data1\" content=\"2 minutes\" \/>\n<script type=\"application\/ld+json\" class=\"yoast-schema-graph\">{\"@context\":\"https:\/\/schema.org\",\"@graph\":[{\"@type\":\"WebPage\",\"@id\":\"https:\/\/energybiomassholding.ch\/\",\"url\":\"https:\/\/energybiomassholding.ch\/\",\"name\":\"Accueil - Energy Biomasse Holding\",\"isPartOf\":{\"@id\":\"https:\/\/energybiomassholding.ch\/#website\"},\"datePublished\":\"2015-07-29T13:44:44+00:00\",\"dateModified\":\"2023-04-20T20:25:59+00:00\",\"breadcrumb\":{\"@id\":\"https:\/\/energybiomassholding.ch\/#breadcrumb\"},\"inLanguage\":\"fr-FR\",\"potentialAction\":[{\"@type\":\"ReadAction\",\"target\":[\"https:\/\/energybiomassholding.ch\/\"]}]},{\"@type\":\"BreadcrumbList\",\"@id\":\"https:\/\/energybiomassholding.ch\/#breadcrumb\",\"itemListElement\":[{\"@type\":\"ListItem\",\"position\":1,\"name\":\"Accueil\",\"item\":\"https:\/\/energybiomassholding.ch\/\"},{\"@type\":\"ListItem\",\"position\":2,\"name\":\"Accueil\"}]},{\"@type\":\"WebSite\",\"@id\":\"https:\/\/energybiomassholding.ch\/#website\",\"url\":\"https:\/\/energybiomassholding.ch\/\",\"name\":\"Energy Biomass Holding\",\"description\":\"Experts pour la conception, la r\u00e9alisation et la construction de nouvelles capacit\u00e9s de production d\u2019\u00e9nergie \u00e0 partir de la biomasse\",\"publisher\":{\"@id\":\"https:\/\/energybiomassholding.ch\/#organization\"},\"potentialAction\":[{\"@type\":\"SearchAction\",\"target\":{\"@type\":\"EntryPoint\",\"urlTemplate\":\"https:\/\/energybiomassholding.ch\/?s={search_term_string}\"},\"query-input\":\"required name=search_term_string\"}],\"inLanguage\":\"fr-FR\"},{\"@type\":\"Organization\",\"@id\":\"https:\/\/energybiomassholding.ch\/#organization\",\"name\":\"Energy Biomass Holding\",\"url\":\"https:\/\/energybiomassholding.ch\/\",\"logo\":{\"@type\":\"ImageObject\",\"inLanguage\":\"fr-FR\",\"@id\":\"https:\/\/energybiomassholding.ch\/#\/schema\/logo\/image\/\",\"url\":\"https:\/\/energybiomassholding.ch\/wp-content\/uploads\/2023\/04\/Capture-decran-2023-04-15-a-13.24.16.png\",\"contentUrl\":\"https:\/\/energybiomassholding.ch\/wp-content\/uploads\/2023\/04\/Capture-decran-2023-04-15-a-13.24.16.png\",\"width\":135,\"height\":130,\"caption\":\"Energy Biomass Holding\"},\"image\":{\"@id\":\"https:\/\/energybiomassholding.ch\/#\/schema\/logo\/image\/\"}}]}<\/script>\n<!-- \/ Yoast SEO plugin. -->","yoast_head_json":{"title":"Accueil - Energy Biomasse Holding","robots":{"index":"index","follow":"follow","max-snippet":"max-snippet:-1","max-image-preview":"max-image-preview:large","max-video-preview":"max-video-preview:-1"},"canonical":"https:\/\/energybiomassholding.ch\/","og_locale":"fr_FR","og_type":"article","og_title":"Accueil - Energy Biomasse Holding","og_url":"https:\/\/energybiomassholding.ch\/","og_site_name":"Energy Biomasse Holding","article_modified_time":"2023-04-20T20:25:59+00:00","og_image":[{"url":"https:\/\/energybiomassholding.ch\/wp-content\/uploads\/2023\/04\/cropped-Capture-decran-2023-04-15-a-13.24.16-2.png"}],"twitter_card":"summary_large_image","twitter_misc":{"Dur\u00e9e de lecture estim\u00e9e":"2 minutes"},"schema":{"@context":"https:\/\/schema.org","@graph":[{"@type":"WebPage","@id":"https:\/\/energybiomassholding.ch\/","url":"https:\/\/energybiomassholding.ch\/","name":"Accueil - Energy Biomasse Holding","isPartOf":{"@id":"https:\/\/energybiomassholding.ch\/#website"},"datePublished":"2015-07-29T13:44:44+00:00","dateModified":"2023-04-20T20:25:59+00:00","breadcrumb":{"@id":"https:\/\/energybiomassholding.ch\/#breadcrumb"},"inLanguage":"fr-FR","potentialAction":[{"@type":"ReadAction","target":["https:\/\/energybiomassholding.ch\/"]}]},{"@type":"BreadcrumbList","@id":"https:\/\/energybiomassholding.ch\/#breadcrumb","itemListElement":[{"@type":"ListItem","position":1,"name":"Accueil","item":"https:\/\/energybiomassholding.ch\/"},{"@type":"ListItem","position":2,"name":"Accueil"}]},{"@type":"WebSite","@id":"https:\/\/energybiomassholding.ch\/#website","url":"https:\/\/energybiomassholding.ch\/","name":"Energy Biomass Holding","description":"Experts pour la conception, la r\u00e9alisation et la construction de nouvelles capacit\u00e9s de production d\u2019\u00e9nergie \u00e0 partir de la biomasse","publisher":{"@id":"https:\/\/energybiomassholding.ch\/#organization"},"potentialAction":[{"@type":"SearchAction","target":{"@type":"EntryPoint","urlTemplate":"https:\/\/energybiomassholding.ch\/?s={search_term_string}"},"query-input":"required name=search_term_string"}],"inLanguage":"fr-FR"},{"@type":"Organization","@id":"https:\/\/energybiomassholding.ch\/#organization","name":"Energy Biomass Holding","url":"https:\/\/energybiomassholding.ch\/","logo":{"@type":"ImageObject","inLanguage":"fr-FR","@id":"https:\/\/energybiomassholding.ch\/#\/schema\/logo\/image\/","url":"https:\/\/energybiomassholding.ch\/wp-content\/uploads\/2023\/04\/Capture-decran-2023-04-15-a-13.24.16.png","contentUrl":"https:\/\/energybiomassholding.ch\/wp-content\/uploads\/2023\/04\/Capture-decran-2023-04-15-a-13.24.16.png","width":135,"height":130,"caption":"Energy Biomass Holding"},"image":{"@id":"https:\/\/energybiomassholding.ch\/#\/schema\/logo\/image\/"}}]}},"_links":{"self":[{"href":"https:\/\/energybiomassholding.ch\/index.php\/wp-json\/wp\/v2\/pages\/1079","targetHints":{"allow":["GET"]}}],"collection":[{"href":"https:\/\/energybiomassholding.ch\/index.php\/wp-json\/wp\/v2\/pages"}],"about":[{"href":"https:\/\/energybiomassholding.ch\/index.php\/wp-json\/wp\/v2\/types\/page"}],"author":[{"embeddable":true,"href":"https:\/\/energybiomassholding.ch\/index.php\/wp-json\/wp\/v2\/users\/1"}],"replies":[{"embeddable":true,"href":"https:\/\/energybiomassholding.ch\/index.php\/wp-json\/wp\/v2\/comments?post=1079"}],"version-history":[{"count":2,"href":"https:\/\/energybiomassholding.ch\/index.php\/wp-json\/wp\/v2\/pages\/1079\/revisions"}],"predecessor-version":[{"id":1166,"href":"https:\/\/energybiomassholding.ch\/index.php\/wp-json\/wp\/v2\/pages\/1079\/revisions\/1166"}],"wp:attachment":[{"href":"https:\/\/energybiomassholding.ch\/index.php\/wp-json\/wp\/v2\/media?parent=1079"}],"curies":[{"name":"wp","href":"https:\/\/api.w.org\/{rel}","templated":true}]}}